{"id":1298,"date":"2024-12-04T20:55:52","date_gmt":"2024-12-04T23:55:52","guid":{"rendered":"https:\/\/itsconcordia-ers.infd.edu.ar\/sitio\/?page_id=1298"},"modified":"2025-07-21T20:26:21","modified_gmt":"2025-07-21T23:26:21","slug":"carreras","status":"publish","type":"page","link":"https:\/\/itsconcordia-ers.infd.edu.ar\/sitio\/carreras\/","title":{"rendered":"CARRERAS"},"content":{"rendered":"\n<h2 class=\"wp-block-heading\">Requisitos de Inscripci\u00f3n:<\/h2>\n\n\n\n<ul>\n<li>2 Foto Carnet 4\u00d74.<\/li>\n\n\n\n<li>Fotocopia DNI ambos lados<\/li>\n\n\n\n<li>Fotocopia del T\u00edtulo de Nivel Medio autenticado o certificado de t\u00edtulo en tramite.<\/li>\n\n\n\n<li>Fotocopia de la Partida de Nacimiento.<\/li>\n\n\n\n<li>Constancia de CUIL (ANSES)<\/li>\n\n\n\n<li>1 Folio.<\/li>\n<\/ul>\n\n\n\n<h3 class=\"wp-block-heading\"><a href=\"https:\/\/docs.google.com\/forms\/d\/e\/1FAIpQLSc9xGJ10JKz4nkzwDkIWI7qTC_60ThWER2400LqfqXKj8Brig\/viewform\" target=\"_blank\" rel=\"noreferrer noopener\">Profesorado de Educaci\u00f3n Secundaria en Econom\u00eda<\/a> <\/h3>\n\n\n\n<figure class=\"wp-block-embed\"><div class=\"wp-block-embed__wrapper\">\nhttps:\/\/docs.google.com\/forms\/d\/e\/1FAIpQLSc9xGJ10JKz4nkzwDkIWI7qTC_60ThWER2400LqfqXKj8Brig\/viewform\n<\/div><\/figure>\n\n\n\n<p><\/p>\n\n\n\n<h2 class=\"wp-block-heading\"><a href=\"https:\/\/docs.google.com\/forms\/d\/e\/1FAIpQLSc9xGJ10JKz4nkzwDkIWI7qTC_60ThWER2400LqfqXKj8Brig\/viewform\">Tecnicatura Superior en Administraci\u00f3n de Empresas<\/a><\/h2>\n\n\n\n<figure class=\"wp-block-embed\"><div class=\"wp-block-embed__wrapper\">\nhttps:\/\/docs.google.com\/forms\/d\/e\/1FAIpQLSc9xGJ10JKz4nkzwDkIWI7qTC_60ThWER2400LqfqXKj8Brig\/viewform\n<\/div><\/figure>\n\n\n\n<h2 class=\"wp-block-heading\"><a href=\"https:\/\/docs.google.com\/forms\/d\/e\/1FAIpQLSc5zmiSNDzmsqBc2N43ggIrAUeuhVHKfMuZl3jpQ87BmjaPmw\/viewform\">Tecnicatura Superior en Enolog\u00eda y Fruticultura<\/a><\/h2>\n\n\n\n<figure class=\"wp-block-embed\"><div class=\"wp-block-embed__wrapper\">\nhttps:\/\/docs.google.com\/forms\/d\/e\/1FAIpQLSc9xGJ10JKz4nkzwDkIWI7qTC_60ThWER2400LqfqXKj8Brig\/viewform\n<\/div><\/figure>\n","protected":false},"excerpt":{"rendered":"<p>Requisitos de Inscripci\u00f3n: Profesorado de Educaci\u00f3n Secundaria en Econom\u00eda Tecnicatura Superior en Administraci\u00f3n de Empresas Tecnicatura Superior en Enolog\u00eda y Fruticultura<\/p>\n","protected":false},"author":601,"featured_media":0,"parent":0,"menu_order":0,"comment_status":"closed","ping_status":"closed","template":"","meta":[],"acf":[],"_links":{"self":[{"href":"https:\/\/itsconcordia-ers.infd.edu.ar\/sitio\/wp-json\/wp\/v2\/pages\/1298"}],"collection":[{"href":"https:\/\/itsconcordia-ers.infd.edu.ar\/sitio\/wp-json\/wp\/v2\/pages"}],"about":[{"href":"https:\/\/itsconcordia-ers.infd.edu.ar\/sitio\/wp-json\/wp\/v2\/types\/page"}],"author":[{"embeddable":true,"href":"https:\/\/itsconcordia-ers.infd.edu.ar\/sitio\/wp-json\/wp\/v2\/users\/601"}],"replies":[{"embeddable":true,"href":"https:\/\/itsconcordia-ers.infd.edu.ar\/sitio\/wp-json\/wp\/v2\/comments?post=1298"}],"version-history":[{"count":15,"href":"https:\/\/itsconcordia-ers.infd.edu.ar\/sitio\/wp-json\/wp\/v2\/pages\/1298\/revisions"}],"predecessor-version":[{"id":1444,"href":"https:\/\/itsconcordia-ers.infd.edu.ar\/sitio\/wp-json\/wp\/v2\/pages\/1298\/revisions\/1444"}],"wp:attachment":[{"href":"https:\/\/itsconcordia-ers.infd.edu.ar\/sitio\/wp-json\/wp\/v2\/media?parent=1298"}],"curies":[{"name":"wp","href":"https:\/\/api.w.org\/{rel}","templated":true}]}}