{"id":685,"date":"2018-07-25T15:06:42","date_gmt":"2018-07-25T18:06:42","guid":{"rendered":"https:\/\/itsconcordia-ers.infd.edu.ar\/sitio\/?page_id=685"},"modified":"2026-01-30T12:19:53","modified_gmt":"2026-01-30T15:19:53","slug":"autoridades","status":"publish","type":"page","link":"https:\/\/itsconcordia-ers.infd.edu.ar\/sitio\/institucional\/autoridades\/","title":{"rendered":"Autoridades"},"content":{"rendered":"<h3>Rector\u00eda<\/h3>\n<p>Lic. Wilson, Dafne Gisela<\/p>\n<h3>Secretar\u00eda Administrativa<\/h3>\n<p>Prof. Mesa, Ra\u00fal Germ\u00e1n<\/p>\n<h3>Secretar\u00eda Acad\u00e9mica<\/h3>\n<p>Prof. Pinasco Cristina<\/p>\n<h3>Preceptor\u00eda<\/h3>\n<p>Prof. Notthoff,Tatiana<\/p>\n<p>Prof. Bourren, Damian<\/p>\n<h3>Referente T\u00e9cnico Institucional<\/h3>\n<p>Prof. Ferreira, Jos\u00e9 Mar\u00eda<\/p>\n<h3>Administraci\u00f3n<\/h3>\n<p>Prof. Cardozo, Mar\u00eda Agostina<\/p>\n<h3>Consejo Directivo<\/h3>\n<h5>Claustro Docentes<\/h5>\n<p>Prof. Conelli Virginia&nbsp; (TSAE)<\/p>\n<p>Prof. Rivero Laura (PESE)<\/p>\n<p>Prof. P\u00e9rez&nbsp; Esteban (TSEYF)<\/p>\n<h5>Claustro Estudiantes<\/h5>\n<p><span style=\"font-weight: 400;\">Centuri\u00f3n Tramontina Juan Carlos (TSAE)<\/span><\/p>\n<p><span style=\"font-weight: 400;\">Costa Sim\u00f3n Lucas Ariel (PESE)<\/span><\/p>\n<h2>Coodinadora de Carrera&nbsp;<\/h2>\n<p>Prof. Almada Evelina (TSEYF)&nbsp;<\/p>\n<h3>Coordinaci\u00f3n de Pr\u00e1ctica Profesional Docente<\/h3>\n<p>Prof. Rivero, Laura <span style=\"font-weight: 400;\">(PESE)<\/span><\/p>\n<h3>Coordinaci\u00f3n de Pr\u00e1ctica Profesionalizantes<\/h3>\n<p>Prof. Conelli, Virginia (TSAE)<\/p>\n<p>Prof. Pelizzari, Leonardo Sebasti\u00e1n (TSEYF)&nbsp;<\/p>\n<p><\/p>\n\n\n<p> <\/p>\n","protected":false},"excerpt":{"rendered":"<p>Rector\u00eda Lic. Wilson, Dafne Gisela Secretar\u00eda Administrativa Prof. Mesa, Ra\u00fal Germ\u00e1n Secretar\u00eda Acad\u00e9mica Prof. Pinasco Cristina Preceptor\u00eda Prof. Notthoff,Tatiana Prof. Bourren, Damian Referente T\u00e9cnico Institucional Prof. Ferreira, Jos\u00e9 Mar\u00eda Administraci\u00f3n Prof. Cardozo, Mar\u00eda Agostina Consejo Directivo Claustro Docentes Prof. Conelli Virginia&nbsp; (TSAE) Prof. Rivero Laura (PESE) Prof. P\u00e9rez&nbsp; Esteban (TSEYF) Claustro Estudiantes Centuri\u00f3n Tramontina Juan &#8230; <a title=\"Autoridades\" class=\"read-more\" href=\"https:\/\/itsconcordia-ers.infd.edu.ar\/sitio\/institucional\/autoridades\/\" aria-label=\"More on Autoridades\">[+]<\/a><\/p>\n","protected":false},"author":6,"featured_media":0,"parent":683,"menu_order":0,"comment_status":"closed","ping_status":"closed","template":"","meta":[],"acf":[],"_links":{"self":[{"href":"https:\/\/itsconcordia-ers.infd.edu.ar\/sitio\/wp-json\/wp\/v2\/pages\/685"}],"collection":[{"href":"https:\/\/itsconcordia-ers.infd.edu.ar\/sitio\/wp-json\/wp\/v2\/pages"}],"about":[{"href":"https:\/\/itsconcordia-ers.infd.edu.ar\/sitio\/wp-json\/wp\/v2\/types\/page"}],"author":[{"embeddable":true,"href":"https:\/\/itsconcordia-ers.infd.edu.ar\/sitio\/wp-json\/wp\/v2\/users\/6"}],"replies":[{"embeddable":true,"href":"https:\/\/itsconcordia-ers.infd.edu.ar\/sitio\/wp-json\/wp\/v2\/comments?post=685"}],"version-history":[{"count":21,"href":"https:\/\/itsconcordia-ers.infd.edu.ar\/sitio\/wp-json\/wp\/v2\/pages\/685\/revisions"}],"predecessor-version":[{"id":1472,"href":"https:\/\/itsconcordia-ers.infd.edu.ar\/sitio\/wp-json\/wp\/v2\/pages\/685\/revisions\/1472"}],"up":[{"embeddable":true,"href":"https:\/\/itsconcordia-ers.infd.edu.ar\/sitio\/wp-json\/wp\/v2\/pages\/683"}],"wp:attachment":[{"href":"https:\/\/itsconcordia-ers.infd.edu.ar\/sitio\/wp-json\/wp\/v2\/media?parent=685"}],"curies":[{"name":"wp","href":"https:\/\/api.w.org\/{rel}","templated":true}]}}