{"id":730,"date":"2018-07-26T10:40:07","date_gmt":"2018-07-26T13:40:07","guid":{"rendered":"https:\/\/itsconcordia-ers.infd.edu.ar\/sitio\/?page_id=730"},"modified":"2025-10-02T19:15:44","modified_gmt":"2025-10-02T22:15:44","slug":"ingresantes","status":"publish","type":"page","link":"https:\/\/itsconcordia-ers.infd.edu.ar\/sitio\/estudiantes\/ingresantes\/","title":{"rendered":"Ingresantes"},"content":{"rendered":"\n<p><strong><em><span class=\"has-inline-color has-vivid-red-color\">\u00a1\u00a1\u00a1IMPORTANTE!!!<\/span><\/em><\/strong><\/p>\n\n\n\n<p>La Rector\u00eda del Instituto T\u00e9cnico Superior de Concordia informa que se encuentra habilitada mediante el QR debajo la Preinscripci\u00f3n de ingresantes a 1\u00b0 a\u00f1o del ciclo lectivo 2026.<\/p>\n\n\n\n<figure class=\"wp-block-image size-full\"><img decoding=\"async\" loading=\"lazy\" width=\"540\" height=\"579\" src=\"https:\/\/itsconcordia-ers.infd.edu.ar\/sitio\/wp-content\/uploads\/2025\/10\/WhatsApp-Image-2025-09-30-at-9.21.24-PM.jpeg\" alt=\"\" class=\"wp-image-1448\"\/><\/figure>\n\n\n<h4>Requisitos de inscripci\u00f3n<\/h4>\n<p>Para inscribirse deber\u00e1n presentar en el Instituto:<\/p>\n<ul>\n<li>Fotocopia &nbsp;de 1era y 2da hoja del D.N.I.<\/li>\n<li>Fotocopia LEGALIZADA de la partida de nacimiento.<\/li>\n<li>Fotocopia LEGALIZADA del t\u00edtulo secundario o constancia de t\u00edtulo en tr\u00e1mite.<\/li>\n<li>Dos fotos carnet.<\/li>\n<li>CUIL<\/li>\n<\/ul>\n<p>Presentar todo &nbsp;en un folio.<\/p>\n<p><\/p>\n<p>Algunas experiencias de nuestros estudiantes presentando esta instituci\u00f3n. \u00a1\u00a1Muchas gracias, chicas!!<\/p>\n<p><iframe loading=\"lazy\" title=\"Difusi\u00f3n ITS Concordia\" width=\"1200\" height=\"675\" src=\"https:\/\/www.youtube.com\/embed\/Yhq5jO83p1s?feature=oembed\" frameborder=\"0\" allow=\"accelerometer; autoplay; clipboard-write; encrypted-media; gyroscope; picture-in-picture; web-share\" referrerpolicy=\"strict-origin-when-cross-origin\" allowfullscreen><\/iframe><\/p>\n<p><\/p>\n\n\n<figure class=\"wp-block-embed is-type-video is-provider-youtube wp-block-embed-youtube wp-embed-aspect-16-9 wp-has-aspect-ratio\"><div class=\"wp-block-embed__wrapper\">\n<iframe loading=\"lazy\" title=\"Video Difusi\u00f3n Instituto T\u00e9cnico Superior de Concordia\" width=\"1200\" height=\"675\" src=\"https:\/\/www.youtube.com\/embed\/6WRi9tCc_5c?feature=oembed\" frameborder=\"0\" allow=\"accelerometer; autoplay; clipboard-write; encrypted-media; gyroscope; picture-in-picture; web-share\" referrerpolicy=\"strict-origin-when-cross-origin\" allowfullscreen><\/iframe>\n<\/div><\/figure>\n","protected":false},"excerpt":{"rendered":"<p>\u00a1\u00a1\u00a1IMPORTANTE!!! La Rector\u00eda del Instituto T\u00e9cnico Superior de Concordia informa que se encuentra habilitada mediante el QR debajo la Preinscripci\u00f3n de ingresantes a 1\u00b0 a\u00f1o del ciclo lectivo 2026. Requisitos de inscripci\u00f3n Para inscribirse deber\u00e1n presentar en el Instituto: Fotocopia &nbsp;de 1era y 2da hoja del D.N.I. Fotocopia LEGALIZADA de la partida de nacimiento. Fotocopia &#8230; <a title=\"Ingresantes\" class=\"read-more\" href=\"https:\/\/itsconcordia-ers.infd.edu.ar\/sitio\/estudiantes\/ingresantes\/\" aria-label=\"More on Ingresantes\">[+]<\/a><\/p>\n","protected":false},"author":6,"featured_media":0,"parent":692,"menu_order":0,"comment_status":"closed","ping_status":"closed","template":"","meta":[],"acf":[],"_links":{"self":[{"href":"https:\/\/itsconcordia-ers.infd.edu.ar\/sitio\/wp-json\/wp\/v2\/pages\/730"}],"collection":[{"href":"https:\/\/itsconcordia-ers.infd.edu.ar\/sitio\/wp-json\/wp\/v2\/pages"}],"about":[{"href":"https:\/\/itsconcordia-ers.infd.edu.ar\/sitio\/wp-json\/wp\/v2\/types\/page"}],"author":[{"embeddable":true,"href":"https:\/\/itsconcordia-ers.infd.edu.ar\/sitio\/wp-json\/wp\/v2\/users\/6"}],"replies":[{"embeddable":true,"href":"https:\/\/itsconcordia-ers.infd.edu.ar\/sitio\/wp-json\/wp\/v2\/comments?post=730"}],"version-history":[{"count":11,"href":"https:\/\/itsconcordia-ers.infd.edu.ar\/sitio\/wp-json\/wp\/v2\/pages\/730\/revisions"}],"predecessor-version":[{"id":1449,"href":"https:\/\/itsconcordia-ers.infd.edu.ar\/sitio\/wp-json\/wp\/v2\/pages\/730\/revisions\/1449"}],"up":[{"embeddable":true,"href":"https:\/\/itsconcordia-ers.infd.edu.ar\/sitio\/wp-json\/wp\/v2\/pages\/692"}],"wp:attachment":[{"href":"https:\/\/itsconcordia-ers.infd.edu.ar\/sitio\/wp-json\/wp\/v2\/media?parent=730"}],"curies":[{"name":"wp","href":"https:\/\/api.w.org\/{rel}","templated":true}]}}