{"id":906,"date":"2021-10-13T18:41:19","date_gmt":"2021-10-13T21:41:19","guid":{"rendered":"https:\/\/itsconcordia-ers.infd.edu.ar\/sitio\/?page_id=906"},"modified":"2021-10-13T18:41:22","modified_gmt":"2021-10-13T21:41:22","slug":"formulario-unificado-fu-01","status":"publish","type":"page","link":"https:\/\/itsconcordia-ers.infd.edu.ar\/sitio\/formulario-unificado-fu-01\/","title":{"rendered":"FORMULARIO UNIFICADO  [FU-01]"},"content":{"rendered":"\n<p>Formulario Unificado (FU-01) del Consejo General de Educaci\u00f3n. Descargue <a href=\"https:\/\/itsconcordia-ers.infd.edu.ar\/sitio\/docentes\/\" data-type=\"page\" data-id=\"768\">aqu\u00ed <\/a>su versi\u00f3n para completar.<\/p>\n\n\n\n<p><a href=\"https:\/\/itsconcordia-ers.infd.edu.ar\/sitio\/wp-content\/uploads\/2021\/10\/ITSC-FU-para-completar.docx\" data-type=\"URL\" data-id=\"https:\/\/itsconcordia-ers.infd.edu.ar\/sitio\/wp-content\/uploads\/2021\/10\/ITSC-FU-para-completar.docx\">ITSC-FU para completar<\/a><\/p>\n","protected":false},"excerpt":{"rendered":"<p>Formulario Unificado (FU-01) del Consejo General de Educaci\u00f3n. Descargue aqu\u00ed su versi\u00f3n para completar. ITSC-FU para completar<\/p>\n","protected":false},"author":491,"featured_media":0,"parent":0,"menu_order":0,"comment_status":"closed","ping_status":"closed","template":"","meta":[],"acf":[],"_links":{"self":[{"href":"https:\/\/itsconcordia-ers.infd.edu.ar\/sitio\/wp-json\/wp\/v2\/pages\/906"}],"collection":[{"href":"https:\/\/itsconcordia-ers.infd.edu.ar\/sitio\/wp-json\/wp\/v2\/pages"}],"about":[{"href":"https:\/\/itsconcordia-ers.infd.edu.ar\/sitio\/wp-json\/wp\/v2\/types\/page"}],"author":[{"embeddable":true,"href":"https:\/\/itsconcordia-ers.infd.edu.ar\/sitio\/wp-json\/wp\/v2\/users\/491"}],"replies":[{"embeddable":true,"href":"https:\/\/itsconcordia-ers.infd.edu.ar\/sitio\/wp-json\/wp\/v2\/comments?post=906"}],"version-history":[{"count":1,"href":"https:\/\/itsconcordia-ers.infd.edu.ar\/sitio\/wp-json\/wp\/v2\/pages\/906\/revisions"}],"predecessor-version":[{"id":907,"href":"https:\/\/itsconcordia-ers.infd.edu.ar\/sitio\/wp-json\/wp\/v2\/pages\/906\/revisions\/907"}],"wp:attachment":[{"href":"https:\/\/itsconcordia-ers.infd.edu.ar\/sitio\/wp-json\/wp\/v2\/media?parent=906"}],"curies":[{"name":"wp","href":"https:\/\/api.w.org\/{rel}","templated":true}]}}