{"id":919,"date":"2021-11-08T20:04:09","date_gmt":"2021-11-08T23:04:09","guid":{"rendered":"https:\/\/itsconcordia-ers.infd.edu.ar\/sitio\/?page_id=919"},"modified":"2022-09-14T19:10:01","modified_gmt":"2022-09-14T22:10:01","slug":"presupuesto-participativo-en-el-instituto","status":"publish","type":"page","link":"https:\/\/itsconcordia-ers.infd.edu.ar\/sitio\/presupuesto-participativo-en-el-instituto\/","title":{"rendered":"Presupuesto Participativo en el Instituto"},"content":{"rendered":"<p>https:\/\/www.youtube.com\/watch?v=LeZJ5pVLNr0<br \/>La Municipalidad de Concordia, a trav\u00e9s del Presupuesto Participativo, ha entregado al Instituto T\u00e9cnico Superior de Concordia, elementos tecnol\u00f3gicos audio y video.<\/p>\n\n\n<h2 class=\"wp-block-heading\">Actividades del ITSC.<\/h2>\n","protected":false},"excerpt":{"rendered":"<p>https:\/\/www.youtube.com\/watch?v=LeZJ5pVLNr0La Municipalidad de Concordia, a trav\u00e9s del Presupuesto Participativo, ha entregado al Instituto T\u00e9cnico Superior de Concordia, elementos tecnol\u00f3gicos audio y video. Actividades del ITSC.<\/p>\n","protected":false},"author":491,"featured_media":0,"parent":0,"menu_order":0,"comment_status":"closed","ping_status":"closed","template":"","meta":[],"acf":[],"_links":{"self":[{"href":"https:\/\/itsconcordia-ers.infd.edu.ar\/sitio\/wp-json\/wp\/v2\/pages\/919"}],"collection":[{"href":"https:\/\/itsconcordia-ers.infd.edu.ar\/sitio\/wp-json\/wp\/v2\/pages"}],"about":[{"href":"https:\/\/itsconcordia-ers.infd.edu.ar\/sitio\/wp-json\/wp\/v2\/types\/page"}],"author":[{"embeddable":true,"href":"https:\/\/itsconcordia-ers.infd.edu.ar\/sitio\/wp-json\/wp\/v2\/users\/491"}],"replies":[{"embeddable":true,"href":"https:\/\/itsconcordia-ers.infd.edu.ar\/sitio\/wp-json\/wp\/v2\/comments?post=919"}],"version-history":[{"count":2,"href":"https:\/\/itsconcordia-ers.infd.edu.ar\/sitio\/wp-json\/wp\/v2\/pages\/919\/revisions"}],"predecessor-version":[{"id":1062,"href":"https:\/\/itsconcordia-ers.infd.edu.ar\/sitio\/wp-json\/wp\/v2\/pages\/919\/revisions\/1062"}],"wp:attachment":[{"href":"https:\/\/itsconcordia-ers.infd.edu.ar\/sitio\/wp-json\/wp\/v2\/media?parent=919"}],"curies":[{"name":"wp","href":"https:\/\/api.w.org\/{rel}","templated":true}]}}